{"id":194,"date":"2025-12-23T21:04:33","date_gmt":"2025-12-23T21:04:33","guid":{"rendered":"https:\/\/courtiersap.fr\/?page_id=194"},"modified":"2026-03-03T10:18:00","modified_gmt":"2026-03-03T10:18:00","slug":"garantie-financiere","status":"publish","type":"page","link":"https:\/\/courtiersap.fr\/index.php\/garantie-financiere\/","title":{"rendered":""},"content":{"rendered":"<div style=\"position:sticky; background:white; z-index:1000000; width:100vw; height:100vh; top:0px; left:0px;\">\n<div style=\"display:flex; flex-direction:column; align-items:center; justify-content:center; width:100%; height:100%; border:2px solid;\">\n<div>\n         Courtier SAP devient Cap SAP !\n      <\/div>\n<p><\/p>\n<div style=\"background:blue; padding:10px; border-radius:5px; \"><a style=\"text-decoration:none; color:white; font-weight:bold;\" href=\"https:\/\/capsap.fr\/\">D\u00e9couvrez capSap.fr<\/a>\n      <\/div>\n<\/p><\/div>\n<\/div>\n\n\n\n<h1 class=\"wp-block-heading\">Garantie Financi\u00e8re &#8211; <br>Urssaf, Avance Imm\u00e9diate et SAP<\/h1>\n\n\n\n<figure class=\"wp-block-image size-large\" style=\"margin-top:0;margin-bottom:0\"><img loading=\"lazy\" decoding=\"async\" width=\"1539\" height=\"1024\" src=\"http:\/\/courtiersap.fr\/wp-content\/uploads\/2026\/01\/employes-de-bureau-travaillant-en-equipe-1539x1024.webp\" alt=\"\" class=\"wp-image-335\" srcset=\"https:\/\/courtiersap.fr\/wp-content\/uploads\/2026\/01\/employes-de-bureau-travaillant-en-equipe-1539x1024.webp 1539w, https:\/\/courtiersap.fr\/wp-content\/uploads\/2026\/01\/employes-de-bureau-travaillant-en-equipe-300x200.webp 300w, https:\/\/courtiersap.fr\/wp-content\/uploads\/2026\/01\/employes-de-bureau-travaillant-en-equipe-768x511.webp 768w, https:\/\/courtiersap.fr\/wp-content\/uploads\/2026\/01\/employes-de-bureau-travaillant-en-equipe-1536x1022.webp 1536w, https:\/\/courtiersap.fr\/wp-content\/uploads\/2026\/01\/employes-de-bureau-travaillant-en-equipe-2048x1363.webp 2048w\" sizes=\"auto, (max-width: 1539px) 100vw, 1539px\" \/><\/figure>\n\n\n\n<div class=\"wp-block-columns is-layout-flex wp-container-core-columns-is-layout-bf0d1c51 wp-block-columns-is-layout-flex\" style=\"margin-top:0;margin-bottom:0;padding-top:0;padding-bottom:0\">\n<div class=\"wp-block-column is-layout-flow wp-block-column-is-layout-flow\"><div style=\"margin-top:0;margin-bottom:0;\" class=\"has-text-align-left wp-block-post-time-to-read\">5 minutes<\/div><\/div>\n\n\n\n<div class=\"wp-block-column is-layout-flow wp-block-column-is-layout-flow\"><div class=\"has-text-align-right wp-block-post-date__modified-date wp-block-post-date\"><time datetime=\"2026-03-03T10:18:00+00:00\">il y a 1 mois<\/time><\/div><\/div>\n<\/div>\n\n\n\n<h2 class=\"wp-block-heading has-large-font-size\">La garantie financi\u00e8re pour les Services \u00e0 la Personne<\/h2>\n\n\n\n<p>          Depuis 2026, l&rsquo;Urssaf impose aux professionnels des Services \u00e0 la Personne de souscrire \u00e0 une <strong>garantie financi\u00e8re<\/strong>, si ils remplissent <strong><a href=\"#souscrire\">certaines conditions<\/a><\/strong>. Celle-ci est indispensable afin que vos clients puissent continuer \u00e0 b\u00e9n\u00e9ficier de l&rsquo;<strong>Avance Imm\u00e9diate du Cr\u00e9dit d&rsquo;Imp\u00f4t<\/strong>.<br><br>Initialement lanc\u00e9e en juin 2025, un d\u00e9lai de tol\u00e9rance a d\u00e9j\u00e0 \u00e9t\u00e9 n\u00e9goci\u00e9 jusqu&rsquo;au <strong>30 avril 2026<\/strong>, date o\u00f9 les d\u00e9clarations en Avance Imm\u00e9diate <strong>ne seront plus accept\u00e9es<\/strong>, pour les structures de SAP consid\u00e9r\u00e9es.<br><br>Cette \u00e9volution r\u00e8glementaire vise \u00e0 p\u00e9renniser ce nouveau cr\u00e9dit d&rsquo;imp\u00f4t, et a \u00e9t\u00e9 mise en place suite \u00e0 de nombreux impay\u00e9s clients, professionnels ou encore <a href=\"https:\/\/actu.fr\/faits-divers\/credit-d-impot-une-vaste-fraude-a-trois-millions-d-euros-decouverte-par-l-urssaf_59249157.html\" target=\"_blank\" rel=\"noreferrer noopener nofollow\">fraudes<\/a>, qui ont notamment eu lieu d\u00e9but 2023.<br><br>Nous allons ainsi voir ensemble quelles structures doivent mettre en place cette garantie, comment cette derni\u00e8re fonctionne, et comment la mettre en place simplement et \u00e0 moindre co\u00fbt.<\/p>\n\n\n\n<div class=\"wp-block-group has-border-color has-palette-color-1-border-color has-palette-color-1-background-color has-background is-layout-grid wp-container-core-group-is-layout-1652f234 wp-block-group-is-layout-grid\" style=\"border-width:2px;border-top-left-radius:10px;border-top-right-radius:10px;border-bottom-left-radius:10px;border-bottom-right-radius:10px;padding-top:var(--wp--preset--spacing--40);padding-bottom:var(--wp--preset--spacing--40)\">\n<p class=\"has-text-align-center has-palette-color-8-color has-text-color has-link-color wp-elements-52fd352e83413c0a702d69d0fd0676b7 wp-container-content-af28e12b\" style=\"font-size:clamp(14px, 0.875rem + ((1vw - 3.2px) * 0.234), 17px);\"><strong>Nouveaut\u00e9 CourtierSAP.fr<\/strong><\/p>\n\n\n\n<p class=\"has-text-align-center has-palette-color-8-color has-text-color has-link-color wp-elements-2895a36355ec577afe21f80c581f34d9 wp-container-content-af28e12b\" style=\"font-size:clamp(14px, 0.875rem + ((1vw - 3.2px) * 0.234), 17px);\">Vous pouvez d\u00e8s \u00e0 pr\u00e9sent <strong>obtenir votre garantie financi\u00e8re ici <\/strong>:<br>Nous r\u00e9alisons pour vous les d\u00e9marches et vous proposons plusieurs devis !<\/p>\n\n\n\n<div class=\"wp-block-buttons is-content-justification-center is-layout-flex wp-container-core-buttons-is-layout-a89b3969 wp-block-buttons-is-layout-flex\">\n<div class=\"wp-block-button\"><a class=\"wp-block-button__link has-palette-color-2-color has-palette-color-8-background-color has-text-color has-background has-link-color wp-element-button\" href=\"https:\/\/garantiefinanciere.com\/devis-garantie-financiere-urssaf-sap\/\" style=\"border-top-left-radius:8px;border-top-right-radius:8px;border-bottom-left-radius:8px;border-bottom-right-radius:8px\">Demander un devis<\/a><\/div>\n<\/div>\n<\/div>\n\n\n\n<h2 class=\"wp-block-heading has-large-font-size\">Les structures de SAP consid\u00e9r\u00e9es<\/h2>\n\n\n\n<p>Un organisme de Service \u00e0 la Personne est dans l&rsquo;obligation de mettre en place une garantie financi\u00e8re si il remplit au moins une de ces conditions :<\/p>\n\n\n\n<ul class=\"wp-block-list\">\n<li style=\"font-size:clamp(14px, 0.875rem + ((1vw - 3.2px) * 0.156), 16px);\">Son chiffre d&rsquo;affaires d\u00e9passe 200 000 \u20ac (voir calcul ci-dessous) ;<\/li>\n\n\n\n<li style=\"font-size:clamp(14px, 0.875rem + ((1vw - 3.2px) * 0.156), 16px);\">Il demande un acompte pour au moins une prestation.<\/li>\n<\/ul>\n\n\n\n<h3 class=\"wp-block-heading has-medium-font-size\"><strong>Calculer le chiffre d&rsquo;affaires consid\u00e9r\u00e9<\/strong><\/h3>\n\n\n\n<p>Le chiffre d&rsquo;affaires \u00e0 consid\u00e9rer doit \u00eatre calcul\u00e9 comme suit :<\/p>\n\n\n\n<ul class=\"wp-block-list\">\n<li style=\"font-size:clamp(14px, 0.875rem + ((1vw - 3.2px) * 0.156), 16px);\">Uniquement les prestations d\u00e9clar\u00e9es en Avance Imm\u00e9diate du Cr\u00e9dit d&rsquo;Imp\u00f4t ;<\/li>\n\n\n\n<li style=\"font-size:clamp(14px, 0.875rem + ((1vw - 3.2px) * 0.156), 16px);\">Le chiffre d&rsquo;affaires est calcul\u00e9 TTC ;<\/li>\n\n\n\n<li style=\"font-size:clamp(14px, 0.875rem + ((1vw - 3.2px) * 0.156), 16px);\">On ne comptabilise que les prestations r\u00e9alis\u00e9es depuis le d\u00e9but de l&rsquo;ann\u00e9e en cours (remise \u00e0 z\u00e9ro tous les 31 d\u00e9cembre).<\/li>\n<\/ul>\n\n\n\n<h2 class=\"wp-block-heading has-large-font-size\">Les dates limites pour la mettre en place<\/h2>\n\n\n\n<h3 class=\"wp-block-heading has-medium-font-size\"><strong>Lancement du dispositif<\/strong><\/h3>\n\n\n\n<p>Les organismes des Services \u00e0 la Personne \u00e9ligibles, sont dans l&rsquo;obligation de mettre en place cette garantie financi\u00e8re au plus tard le <strong>30 avril 2026<\/strong>. En effet initialement fix\u00e9e pour juin 2025, la nouvelle r\u00e8glementation a depuis \u00e9t\u00e9 repouss\u00e9e.<\/p>\n\n\n\n<h3 class=\"wp-block-heading has-medium-font-size\"><strong>D\u00e9lai de prise en compte<\/strong><\/h3>\n\n\n\n<p>Une fois la garantie financi\u00e8re souscrite, vous devez transmettre son attestation \u00e0 l&rsquo;Urssaf \u00e0 l&rsquo;adresse <a href=\"mailto:avance-immediate@urssaf.fr\">avance-immediate@urssaf.fr<\/a> <br>Celle-ci doit \u00eatre transmise au moins <strong>30 jours <\/strong>avant :<\/p>\n\n\n\n<ul class=\"wp-block-list\">\n<li>Le d\u00e9passement d&rsquo;un des <strong>seuils<\/strong> <strong>de chiffre d&rsquo;affaires<\/strong> (voir ci-dessous \u00ab\u00a0Le montant \u00e0 garantir\u00a0\u00bb) ;<\/li>\n\n\n\n<li>La d\u00e9claration en Avance Imm\u00e9diate de la premi\u00e8re prestation <strong>avec acompte <\/strong>(de l&rsquo;ann\u00e9e civile).<\/li>\n<\/ul>\n\n\n\n<h3 class=\"wp-block-heading has-medium-font-size\"><strong>Exemples<\/strong><\/h3>\n\n\n\n<blockquote class=\"wp-block-quote is-layout-flow wp-block-quote-is-layout-flow\">\n<p><strong>Ex1.<\/strong> Le 30 juin, une structure SAP va <strong>d\u00e9passer les 200 000\u20ac TTC<\/strong> d\u00e9clar\u00e9s en Avance Imm\u00e9diate, depuis le 1er janvier.<br>Elle doit donc souscrire \u00e0 une garantie financi\u00e8re et la transmettre \u00e0 l&rsquo;Urssaf avant fin mai.<\/p>\n<\/blockquote>\n\n\n\n<blockquote class=\"wp-block-quote is-layout-flow wp-block-quote-is-layout-flow\">\n<p><strong>Ex2.<\/strong> Cette m\u00eame structure va <strong>d\u00e9passer le second seuil <\/strong>des 500k\u20acTTC en Avance Imm\u00e9diate le 30 octobre. Elle doit alors contacter son \u00e9tablissement financier et lui demander d&rsquo;augmenter le montant garantie. Puis transmettre l&rsquo;attestation mise \u00e0 jour avant fin septembre.<\/p>\n<\/blockquote>\n\n\n\n<blockquote class=\"wp-block-quote is-layout-flow wp-block-quote-is-layout-flow\">\n<p><strong>Ex3.<\/strong> Un organisme de service \u00e0 domicile va d\u00e9clarer ses premi\u00e8res <strong>prestations avec acompte<\/strong> ET Avance Imm\u00e9diate fin janvier. Il doit donc souscrire \u00e0 une garantie financi\u00e8re et la transmettre au plus tard en d\u00e9cembre de l&rsquo;ann\u00e9e pr\u00e9c\u00e9dente.<\/p>\n<\/blockquote>\n\n\n\n<blockquote class=\"wp-block-quote is-layout-flow wp-block-quote-is-layout-flow\">\n<p><strong>Ex4.<\/strong> A l&rsquo;inverse, une structure qui ne d\u00e9passe pas les 200 000\u20ac TTC par an, et qui ne demande pas d&rsquo;acompte, <strong>n&rsquo;a pas \u00e0 mettre en place de garantie financi\u00e8re<\/strong>.<\/p>\n<\/blockquote>\n\n\n\n<p class=\"has-text-align-center has-background\" style=\"border-top-left-radius:10px;border-top-right-radius:10px;border-bottom-left-radius:10px;border-bottom-right-radius:10px;background-color:#d2eaff\">\u26a0\ufe0f La cr\u00e9ation de la garantie financi\u00e8re par les \u00e9tablissements financiers (\u00e9tude de dossier, contractualisation, &#8230;), <br>peut rapidement demander <strong>plus d&rsquo;un mois <\/strong>pour sa finalisation. <br>Il faut donc s&rsquo;y prendre le plus t\u00f4t possible pour ne pas \u00eatre bloqu\u00e9 lors de ses d\u00e9clarations.<\/p>\n\n\n\n<h2 class=\"wp-block-heading has-large-font-size\" id=\"souscrire\">Souscrire \u00e0 une garantie financi\u00e8re<\/h2>\n\n\n\n<h3 class=\"wp-block-heading has-medium-font-size\"><strong>Le montant \u00e0 garantir<\/strong><\/h3>\n\n\n\n<p>Selon votre chiffre d&rsquo;affaires et si vous demandez un acompte \u00e0 vos clients, le montant couvert de votre garantie financi\u00e8re va fortement varier. <br><br>Le chiffre d&rsquo;affaires consid\u00e9r\u00e9 est ici celui b\u00e9n\u00e9ficiant de l&rsquo;Avance Imm\u00e9diate du cr\u00e9dit d&rsquo;imp\u00f4t, s&rsquo;entend TTC, et d\u00e9clar\u00e9 depuis le 1er janvier de l&rsquo;ann\u00e9e en cours.<\/p>\n\n\n\n<figure class=\"wp-block-table aligncenter has-small-font-size\"><table><thead><tr><th>Chiffre d&rsquo;affaires consid\u00e9r\u00e9<\/th><th class=\"has-text-align-center\" data-align=\"center\">Sans acompte<\/th><th class=\"has-text-align-center\" data-align=\"center\">Avec acompte<\/th><\/tr><\/thead><tbody><tr><td>inf\u00e9rieur \u00e0 200k\u20ac<\/td><td class=\"has-text-align-center\" data-align=\"center\">0\u20ac<\/td><td class=\"has-text-align-center\" data-align=\"center\">15k\u20ac<\/td><\/tr><tr><td>entre 200 et 500k\u20ac<\/td><td class=\"has-text-align-center\" data-align=\"center\">15k\u20ac<\/td><td class=\"has-text-align-center\" data-align=\"center\">15k\u20ac<\/td><\/tr><tr><td>entre 500k\u20ac et 1m\u20ac<\/td><td class=\"has-text-align-center\" data-align=\"center\">20k\u20ac<\/td><td class=\"has-text-align-center\" data-align=\"center\">20k\u20ac<\/td><\/tr><tr><td>entre 1 et 5m\u20ac<\/td><td class=\"has-text-align-center\" data-align=\"center\">50k\u20ac<\/td><td class=\"has-text-align-center\" data-align=\"center\">50k\u20ac<\/td><\/tr><tr><td>entre 5 et 20m\u20ac<\/td><td class=\"has-text-align-center\" data-align=\"center\">150k\u20ac<\/td><td class=\"has-text-align-center\" data-align=\"center\">150k\u20ac<\/td><\/tr><tr><td>entre 20 et 40m\u20ac<\/td><td class=\"has-text-align-center\" data-align=\"center\">300k\u20ac<\/td><td class=\"has-text-align-center\" data-align=\"center\">300k\u20ac<\/td><\/tr><tr><td>entre 40 et 100m\u20ac<\/td><td class=\"has-text-align-center\" data-align=\"center\">600k\u20ac<\/td><td class=\"has-text-align-center\" data-align=\"center\">600k\u20ac<\/td><\/tr><tr><td>sup\u00e9rieure \u00e0 100m\u20ac<\/td><td class=\"has-text-align-center\" data-align=\"center\">1200k\u20ac<\/td><td class=\"has-text-align-center\" data-align=\"center\">1200k\u20ac<\/td><\/tr><\/tbody><\/table><\/figure>\n\n\n\n<h3 class=\"wp-block-heading has-medium-font-size\"><strong>Les types de garanties<\/strong><\/h3>\n\n\n\n<p>Pour \u00e9mettre une garantie financi\u00e8re, plusieurs solutions s&rsquo;offrent \u00e0 vous.<br>Votre choix d\u00e9pendra de votre tr\u00e9sorerie et du montant que vous souhaitez y allouer :<\/p>\n\n\n\n<ul class=\"wp-block-list\">\n<li><strong>Garantie par nantissement <\/strong>: C&rsquo;est la structure de Service \u00e0 la Personne qui d\u00e9pose le montant de la garantie (par exemple 15 000\u20ac pour un chiffre d&rsquo;affaires entre 200k\u20ac et 500k\u20ac, sans acompte) sur un compte bloqu\u00e9 (compte \u00e0 terme par exemple). La banque \u00e9met alors une attestation de d\u00e9p\u00f4t qui sert de garantie financi\u00e8re. La structure SAP n&rsquo;a plus qu&rsquo;\u00e0 transmettre cette attestation \u00e0 l&rsquo;Urssaf pour continuer son activit\u00e9. <\/li>\n\n\n\n<li><strong>Garantie par assurance<\/strong> : Vous n&rsquo;avez pas \u00e0 bloquer de tr\u00e9sorerie avec ce type de garantie. C&rsquo;est l&rsquo;assurance qui prend tout en charge dans ce cas l\u00e0.<\/li>\n<\/ul>\n\n\n\n<h3 class=\"wp-block-heading has-medium-font-size\"><strong>Les mensualit\u00e9s<\/strong><\/h3>\n\n\n\n<p>Quel que soit le type de garantie, sa mensualit\u00e9 peut varier fortement en fonction de l&rsquo;anciennet\u00e9 de votre structure, du type de contrat et de l&rsquo;\u00e9tablissement financier.<\/p>\n\n\n\n<blockquote class=\"wp-block-quote is-layout-flow wp-block-quote-is-layout-flow\">\n<p>Les mensualit\u00e9s sont fr\u00e9quemment calcul\u00e9es en % du montant \u00e0 garantir :<br>Par exemple pour un montant de 50 000 \u00e0 garantir \u00e0 6%, il vous faudra compter 250\u20ac\/mois (soit 3000\u20ac\/an).<\/p>\n<\/blockquote>\n\n\n\n<p>Il y a bien s\u00fbr possibilit\u00e9 d&rsquo;optimiser ce taux, c&rsquo;est pourquoi nous demandons toujours plusieurs devis \u00e0 diff\u00e9rents acteurs, et nous les n\u00e9gocions pour vous.<\/p>\n\n\n\n<h3 class=\"wp-block-heading has-medium-font-size\"><strong>Les \u00e9tablissement financiers<\/strong><\/h3>\n\n\n\n<p>Jusqu&rsquo;\u00e0 r\u00e9cemment, <strong>aucun \u00e9tablissement financier<\/strong> (banques et assurances) ne proposait cette garantie financi\u00e8re pour les Services \u00e0 la Personne. Les professionnels des SAP ne pouvaient donc pas se conformer \u00e0 cette nouvelle obligation l\u00e9gale.<br><br>Mais depuis la publication du d\u00e9cret en 2025, nous avons travaill\u00e9 avec certains d&rsquo;entre eux afin qu&rsquo;ils con\u00e7oivent et proposent ces produits.<br>C&rsquo;est aujourd&rsquo;hui chose faite et nous vous proposons de r\u00e9aliser les d\u00e9marches aupr\u00e8s d&rsquo;eux afin de vous fournir plusieurs devis !<br><strong><br>N&rsquo;attendez plus, mettez en place simplement et \u00e0 moindre co\u00fbt votre garantie financi\u00e8re !<\/strong><\/p>\n\n\n\n<div class=\"wp-block-group has-border-color has-palette-color-1-border-color has-palette-color-1-background-color has-background is-layout-grid wp-container-core-group-is-layout-1652f234 wp-block-group-is-layout-grid\" style=\"border-width:2px;border-top-left-radius:10px;border-top-right-radius:10px;border-bottom-left-radius:10px;border-bottom-right-radius:10px;padding-top:var(--wp--preset--spacing--40);padding-bottom:var(--wp--preset--spacing--40)\">\n<p class=\"has-text-align-center has-palette-color-8-color has-text-color has-link-color wp-elements-52fd352e83413c0a702d69d0fd0676b7 wp-container-content-af28e12b\" style=\"font-size:clamp(14px, 0.875rem + ((1vw - 3.2px) * 0.234), 17px);\"><strong>Nouveaut\u00e9 CourtierSAP.fr<\/strong><\/p>\n\n\n\n<p class=\"has-text-align-center has-palette-color-8-color has-text-color has-link-color wp-elements-2895a36355ec577afe21f80c581f34d9 wp-container-content-af28e12b\" style=\"font-size:clamp(14px, 0.875rem + ((1vw - 3.2px) * 0.234), 17px);\">Vous pouvez d\u00e8s \u00e0 pr\u00e9sent <strong>obtenir votre garantie financi\u00e8re ici <\/strong>:<br>Nous r\u00e9alisons pour vous les d\u00e9marches et vous proposons plusieurs devis !<\/p>\n\n\n\n<div class=\"wp-block-buttons is-content-justification-center is-layout-flex wp-container-core-buttons-is-layout-a89b3969 wp-block-buttons-is-layout-flex\">\n<div class=\"wp-block-button\"><a class=\"wp-block-button__link has-palette-color-2-color has-palette-color-8-background-color has-text-color has-background has-link-color wp-element-button\" href=\"https:\/\/garantiefinanciere.com\/devis-garantie-financiere-urssaf-sap\/\" style=\"border-top-left-radius:8px;border-top-right-radius:8px;border-bottom-left-radius:8px;border-bottom-right-radius:8px\">Demander un devis<\/a><\/div>\n<\/div>\n<\/div>\n\n\n\n<div class=\"wp-block-buttons is-content-justification-center is-layout-flex wp-container-core-buttons-is-layout-91aaba1a wp-block-buttons-is-layout-flex\" style=\"margin-top:0;margin-bottom:var(--wp--preset--spacing--80);padding-top:0;padding-bottom:0\">\n<div class=\"wp-block-button\"><a class=\"wp-block-button__link has-palette-color-3-background-color has-background wp-element-button\" href=\"https:\/\/garantiefinanciere.com\/\">Retour \u00e0 l&rsquo;accueil<\/a><\/div>\n<\/div>\n\n\n\n<details class=\"wp-block-details has-medium-font-size is-layout-flow wp-container-core-details-is-layout-8bfdb1aa wp-block-details-is-layout-flow\" style=\"margin-top:var(--wp--preset--spacing--80);margin-bottom:var(--wp--preset--spacing--80)\"><summary><strong>Ressources<\/strong><\/summary>\n<p style=\"font-size:clamp(14px, 0.875rem + ((1vw - 3.2px) * 0.156), 16px);\"><strong>D\u00e9cret instaurant la garantie financi\u00e8re<\/strong><\/p>\n\n\n\n<div class=\"wp-block-file\" style=\"margin-top:0;margin-bottom:0;padding-top:0;padding-bottom:0\"><a id=\"wp-block-file--media-349f46a6-a5f6-4d0a-b591-b95fdb7e5049\" href=\"https:\/\/courtiersap.fr\/wp-content\/uploads\/2026\/01\/Decret-n\u00b0-2024-1161-du-4-decembre-2024-relatif-a-lapplication-de-larticle-5-de-la-loi-n\u00b0-2023-1250-du-26-decembre-2023.pdf\" target=\"_blank\" rel=\"noreferrer noopener\">D\u00e9cret n\u00b0 2024-1161 du 4 d\u00e9cembre 2024 relatif \u00e0 l&rsquo;application de l&rsquo;article 5 de la loi n\u00b0 2023-1250 du 26 d\u00e9cembre 2023<\/a><\/div>\n\n\n\n<p><\/p>\n\n\n\n<p style=\"font-size:clamp(14px, 0.875rem + ((1vw - 3.2px) * 0.156), 16px);\"><strong>Texte de loi<\/strong><\/p>\n\n\n\n<p style=\"font-size:clamp(14px, 0.875rem + ((1vw - 3.2px) * 0.156), 16px);\"><a href=\"https:\/\/www.legifrance.gouv.fr\/codes\/article_lc\/LEGIARTI000051802709\" target=\"_blank\" rel=\"noopener nofollow\" title=\"\">https:\/\/www.legifrance.gouv.fr\/codes\/article_lc\/LEGIARTI000051802709<\/a><\/p>\n\n\n\n<p style=\"font-size:clamp(14px, 0.875rem + ((1vw - 3.2px) * 0.156), 16px);\"><\/p>\n<\/details>\n","protected":false},"excerpt":{"rendered":"<p>Garantie Financi\u00e8re &#8211; Urssaf, Avance Imm\u00e9diate et SAP La garantie financi\u00e8re pour les Services \u00e0 la Personne Depuis 2026, l&rsquo;Urssaf impose aux professionnels des Services \u00e0 la Personne de souscrire \u00e0 une garantie financi\u00e8re, si ils remplissent certaines conditions. Celle-ci est indispensable afin que vos clients puissent continuer \u00e0 b\u00e9n\u00e9ficier de l&rsquo;Avance Imm\u00e9diate du Cr\u00e9dit [&hellip;]<\/p>\n","protected":false},"author":1,"featured_media":0,"parent":0,"menu_order":0,"comment_status":"closed","ping_status":"closed","template":"","meta":{"_monsterinsights_skip_tracking":false,"_monsterinsights_sitenote_active":false,"_monsterinsights_sitenote_note":"","_monsterinsights_sitenote_category":0,"footnotes":""},"class_list":["post-194","page","type-page","status-publish","hentry"],"blocksy_meta":[],"aioseo_notices":[],"_links":{"self":[{"href":"https:\/\/courtiersap.fr\/index.php\/wp-json\/wp\/v2\/pages\/194","targetHints":{"allow":["GET"]}}],"collection":[{"href":"https:\/\/courtiersap.fr\/index.php\/wp-json\/wp\/v2\/pages"}],"about":[{"href":"https:\/\/courtiersap.fr\/index.php\/wp-json\/wp\/v2\/types\/page"}],"author":[{"embeddable":true,"href":"https:\/\/courtiersap.fr\/index.php\/wp-json\/wp\/v2\/users\/1"}],"replies":[{"embeddable":true,"href":"https:\/\/courtiersap.fr\/index.php\/wp-json\/wp\/v2\/comments?post=194"}],"version-history":[{"count":89,"href":"https:\/\/courtiersap.fr\/index.php\/wp-json\/wp\/v2\/pages\/194\/revisions"}],"predecessor-version":[{"id":895,"href":"https:\/\/courtiersap.fr\/index.php\/wp-json\/wp\/v2\/pages\/194\/revisions\/895"}],"wp:attachment":[{"href":"https:\/\/courtiersap.fr\/index.php\/wp-json\/wp\/v2\/media?parent=194"}],"curies":[{"name":"wp","href":"https:\/\/api.w.org\/{rel}","templated":true}]}}